{"id":876,"date":"2024-06-14T11:25:20","date_gmt":"2024-06-14T09:25:20","guid":{"rendered":"https:\/\/www.special.sk\/?page_id=876"},"modified":"2025-06-12T17:46:42","modified_gmt":"2025-06-12T15:46:42","slug":"skolenia","status":"publish","type":"page","link":"https:\/\/www.special.sk\/en\/skolenia\/","title":{"rendered":"\u0160kolenia"},"content":{"rendered":"<h2><strong>Upcoming trainings:<\/strong><\/h2>\n<table width=\"100%\">\n<tbody>\n<tr style=\"color: #f6f4f4; background: #003D7C;\">\n<th>D\u00e1tum<\/th>\n<th>T\u00e9ma<\/th>\n<th>Jazyk<\/th>\n<th>Lokalita<\/th>\n<\/tr>\n<tr>\n<td>23.9.2025 \u2013 26.9.2025<\/td>\n<td>Rohde &amp; Schwarz\u00a0CMA 180 Radio Test Set<\/td>\n<td>Slovensky<\/td>\n<td>3S Bratislava<\/td>\n<\/tr>\n<tr style=\"background-color: #f2f2f2;\">\n<td>7.10.2025 &#8211; 10.10.2025<\/td>\n<td>Rohde &amp; Schwarz\u00a0CMA 180 Radio Test Set<\/td>\n<td>Anglicky<\/td>\n<td>3S Bratislava<\/td>\n<\/tr>\n<tr>\n<td>21.10.2025 \u2013 24.10.2025<\/td>\n<td>Rohde &amp; Schwarz\u00a0CMA 180 Radio Test Set<\/td>\n<td>Slovensky<\/td>\n<td>3S Bratislava<\/td>\n<\/tr>\n<tr style=\"background-color: #f2f2f2;\">\n<td>04.11.2025 &#8211; 07.11.2025<\/td>\n<td>Rohde &amp; Schwarz\u00a0CMA 180 Radio Test Set<\/td>\n<td>Anglicky<\/td>\n<td>3S Bratislava<\/td>\n<\/tr>\n<tr>\n<td>18.11.2025 \u2013 21.11.2025<\/td>\n<td>Rohde &amp; Schwarz\u00a0CMA 180 Radio Test Set<\/td>\n<td>Slovensky<\/td>\n<td>3S Bratislava<\/td>\n<\/tr>\n<tr style=\"background-color: #f2f2f2;\">\n<td>2.12.2025 &#8211; 25.12.2025<\/td>\n<td>Rohde &amp; Schwarz\u00a0CMA 180 Radio Test Set<\/td>\n<td>Anglicky<\/td>\n<td>3S Bratislava<\/td>\n<\/tr>\n<\/tbody>\n<\/table>\n<h3><\/h3>\n<h3><strong>Rohde &amp; Schwarz CMA 180 Radio Test Set<\/strong><\/h3>\n<ul>\n<li>Capacity of single training: max 6 participants<\/li>\n<li>Training plan: <a href=\"https:\/\/www.special.sk\/wp-content\/uploads\/2024\/06\/240621-CMA180-Training-Procedures-1.pdf\">CMA180 Training Procedures.PDF<\/a><\/li>\n<li>Training scope: 4 days each 8 training hours<\/li>\n<li>Price: 1960 EUR without VAT \/ person<\/li>\n<\/ul>\n<h3><\/h3>\n<h3><strong>3S RMC &#8211; level A &#8211; operator<\/strong><\/h3>\n<ul>\n<li>Capacity of single training: max 6 participants<\/li>\n<li>Training scope: 4 days each 8 training hours<\/li>\n<li>Individual training plans<\/li>\n<li>Price: 2960 EUR without VAT \/ person<\/li>\n<\/ul>\n<p>&nbsp;<\/p>\n<p>For more information or to make an order please contact us by e-mail on\u00a0<a href=\"mailto:trainings@special.sk\">trainings@special.sk<\/a><\/p>\n","protected":false},"excerpt":{"rendered":"<p>Upcoming trainings: D\u00e1tum T\u00e9ma Jazyk Lokalita 23.9.2025 \u2013 26.9.2025 Rohde &amp; Schwarz\u00a0CMA 180 Radio Test Set Slovensky 3S Bratislava 7.10.2025 &#8211; 10.10.2025 Rohde &amp; Schwarz\u00a0CMA 180 Radio Test Set Anglicky 3S Bratislava 21.10.2025 \u2013 24.10.2025 Rohde &amp; Schwarz\u00a0CMA 180 Radio Test Set Slovensky 3S Bratislava 04.11.2025 &#8211; 07.11.2025 Rohde &amp; Schwarz\u00a0CMA 180 Radio Test Set [&hellip;]<\/p>\n","protected":false},"author":3,"featured_media":0,"parent":0,"menu_order":0,"comment_status":"closed","ping_status":"closed","template":"","meta":{"inline_featured_image":false,"footnotes":""},"folder":[],"class_list":["post-876","page","type-page","status-publish","hentry"],"acf":[],"yoast_head":"<!-- This site is optimized with the Yoast SEO plugin v26.7 - https:\/\/yoast.com\/wordpress\/plugins\/seo\/ -->\n<title>\u0160kolenia | 3S \u0161peci\u00e1lne syst\u00e9my<\/title>\n<meta name=\"robots\" content=\"index, follow, max-snippet:-1, max-image-preview:large, max-video-preview:-1\" \/>\n<link rel=\"canonical\" href=\"https:\/\/www.special.sk\/en\/skolenia\/\" \/>\n<meta property=\"og:locale\" content=\"en_US\" \/>\n<meta property=\"og:type\" content=\"article\" \/>\n<meta property=\"og:title\" content=\"\u0160kolenia | 3S \u0161peci\u00e1lne syst\u00e9my\" \/>\n<meta property=\"og:description\" content=\"Upcoming trainings: D\u00e1tum T\u00e9ma Jazyk Lokalita 23.9.2025 \u2013 26.9.2025 Rohde &amp; Schwarz\u00a0CMA 180 Radio Test Set Slovensky 3S Bratislava 7.10.2025 &#8211; 10.10.2025 Rohde &amp; Schwarz\u00a0CMA 180 Radio Test Set Anglicky 3S Bratislava 21.10.2025 \u2013 24.10.2025 Rohde &amp; Schwarz\u00a0CMA 180 Radio Test Set Slovensky 3S Bratislava 04.11.2025 &#8211; 07.11.2025 Rohde &amp; Schwarz\u00a0CMA 180 Radio Test Set [&hellip;]\" \/>\n<meta property=\"og:url\" content=\"https:\/\/www.special.sk\/en\/skolenia\/\" \/>\n<meta property=\"og:site_name\" content=\"3S \u0161peci\u00e1lne syst\u00e9my\" \/>\n<meta property=\"article:publisher\" content=\"https:\/\/www.facebook.com\/p\/3S-pecilne-Systmy-sro-100083157461385\/\" \/>\n<meta property=\"article:modified_time\" content=\"2025-06-12T15:46:42+00:00\" \/>\n<meta name=\"twitter:card\" content=\"summary_large_image\" \/>\n<script type=\"application\/ld+json\" class=\"yoast-schema-graph\">{\"@context\":\"https:\/\/schema.org\",\"@graph\":[{\"@type\":\"WebPage\",\"@id\":\"https:\/\/www.special.sk\/en\/skolenia\/\",\"url\":\"https:\/\/www.special.sk\/en\/skolenia\/\",\"name\":\"\u0160kolenia | 3S \u0161peci\u00e1lne syst\u00e9my\",\"isPartOf\":{\"@id\":\"https:\/\/www.special.sk\/#website\"},\"datePublished\":\"2024-06-14T09:25:20+00:00\",\"dateModified\":\"2025-06-12T15:46:42+00:00\",\"breadcrumb\":{\"@id\":\"https:\/\/www.special.sk\/en\/skolenia\/#breadcrumb\"},\"inLanguage\":\"en-US\",\"potentialAction\":[{\"@type\":\"ReadAction\",\"target\":[\"https:\/\/www.special.sk\/en\/skolenia\/\"]}]},{\"@type\":\"BreadcrumbList\",\"@id\":\"https:\/\/www.special.sk\/en\/skolenia\/#breadcrumb\",\"itemListElement\":[{\"@type\":\"ListItem\",\"position\":1,\"name\":\"Domovsk\u00e1 str\u00e1nka\",\"item\":\"https:\/\/www.special.sk\/en\/\"},{\"@type\":\"ListItem\",\"position\":2,\"name\":\"\u0160kolenia\"}]},{\"@type\":\"WebSite\",\"@id\":\"https:\/\/www.special.sk\/#website\",\"url\":\"https:\/\/www.special.sk\/\",\"name\":\"3S \u0161peci\u00e1lne syst\u00e9my\",\"description\":\"\",\"publisher\":{\"@id\":\"https:\/\/www.special.sk\/#organization\"},\"potentialAction\":[{\"@type\":\"SearchAction\",\"target\":{\"@type\":\"EntryPoint\",\"urlTemplate\":\"https:\/\/www.special.sk\/?s={search_term_string}\"},\"query-input\":{\"@type\":\"PropertyValueSpecification\",\"valueRequired\":true,\"valueName\":\"search_term_string\"}}],\"inLanguage\":\"en-US\"},{\"@type\":\"Organization\",\"@id\":\"https:\/\/www.special.sk\/#organization\",\"name\":\"3S \u0161peci\u00e1lne syst\u00e9my\",\"url\":\"https:\/\/www.special.sk\/\",\"logo\":{\"@type\":\"ImageObject\",\"inLanguage\":\"en-US\",\"@id\":\"https:\/\/www.special.sk\/#\/schema\/logo\/image\/\",\"url\":\"https:\/\/www.special.sk\/wp-content\/uploads\/2024\/06\/logoObdlznikBielePozadie.png\",\"contentUrl\":\"https:\/\/www.special.sk\/wp-content\/uploads\/2024\/06\/logoObdlznikBielePozadie.png\",\"width\":1961,\"height\":533,\"caption\":\"3S \u0161peci\u00e1lne syst\u00e9my\"},\"image\":{\"@id\":\"https:\/\/www.special.sk\/#\/schema\/logo\/image\/\"},\"sameAs\":[\"https:\/\/www.facebook.com\/p\/3S-pecilne-Systmy-sro-100083157461385\/\",\"https:\/\/www.linkedin.com\/company\/3s-pecilne-systmy\/\"]}]}<\/script>\n<!-- \/ Yoast SEO plugin. -->","yoast_head_json":{"title":"\u0160kolenia | 3S \u0161peci\u00e1lne syst\u00e9my","robots":{"index":"index","follow":"follow","max-snippet":"max-snippet:-1","max-image-preview":"max-image-preview:large","max-video-preview":"max-video-preview:-1"},"canonical":"https:\/\/www.special.sk\/en\/skolenia\/","og_locale":"en_US","og_type":"article","og_title":"\u0160kolenia | 3S \u0161peci\u00e1lne syst\u00e9my","og_description":"Upcoming trainings: D\u00e1tum T\u00e9ma Jazyk Lokalita 23.9.2025 \u2013 26.9.2025 Rohde &amp; Schwarz\u00a0CMA 180 Radio Test Set Slovensky 3S Bratislava 7.10.2025 &#8211; 10.10.2025 Rohde &amp; Schwarz\u00a0CMA 180 Radio Test Set Anglicky 3S Bratislava 21.10.2025 \u2013 24.10.2025 Rohde &amp; Schwarz\u00a0CMA 180 Radio Test Set Slovensky 3S Bratislava 04.11.2025 &#8211; 07.11.2025 Rohde &amp; Schwarz\u00a0CMA 180 Radio Test Set [&hellip;]","og_url":"https:\/\/www.special.sk\/en\/skolenia\/","og_site_name":"3S \u0161peci\u00e1lne syst\u00e9my","article_publisher":"https:\/\/www.facebook.com\/p\/3S-pecilne-Systmy-sro-100083157461385\/","article_modified_time":"2025-06-12T15:46:42+00:00","twitter_card":"summary_large_image","schema":{"@context":"https:\/\/schema.org","@graph":[{"@type":"WebPage","@id":"https:\/\/www.special.sk\/en\/skolenia\/","url":"https:\/\/www.special.sk\/en\/skolenia\/","name":"\u0160kolenia | 3S \u0161peci\u00e1lne syst\u00e9my","isPartOf":{"@id":"https:\/\/www.special.sk\/#website"},"datePublished":"2024-06-14T09:25:20+00:00","dateModified":"2025-06-12T15:46:42+00:00","breadcrumb":{"@id":"https:\/\/www.special.sk\/en\/skolenia\/#breadcrumb"},"inLanguage":"en-US","potentialAction":[{"@type":"ReadAction","target":["https:\/\/www.special.sk\/en\/skolenia\/"]}]},{"@type":"BreadcrumbList","@id":"https:\/\/www.special.sk\/en\/skolenia\/#breadcrumb","itemListElement":[{"@type":"ListItem","position":1,"name":"Domovsk\u00e1 str\u00e1nka","item":"https:\/\/www.special.sk\/en\/"},{"@type":"ListItem","position":2,"name":"\u0160kolenia"}]},{"@type":"WebSite","@id":"https:\/\/www.special.sk\/#website","url":"https:\/\/www.special.sk\/","name":"3S \u0161peci\u00e1lne syst\u00e9my","description":"","publisher":{"@id":"https:\/\/www.special.sk\/#organization"},"potentialAction":[{"@type":"SearchAction","target":{"@type":"EntryPoint","urlTemplate":"https:\/\/www.special.sk\/?s={search_term_string}"},"query-input":{"@type":"PropertyValueSpecification","valueRequired":true,"valueName":"search_term_string"}}],"inLanguage":"en-US"},{"@type":"Organization","@id":"https:\/\/www.special.sk\/#organization","name":"3S \u0161peci\u00e1lne syst\u00e9my","url":"https:\/\/www.special.sk\/","logo":{"@type":"ImageObject","inLanguage":"en-US","@id":"https:\/\/www.special.sk\/#\/schema\/logo\/image\/","url":"https:\/\/www.special.sk\/wp-content\/uploads\/2024\/06\/logoObdlznikBielePozadie.png","contentUrl":"https:\/\/www.special.sk\/wp-content\/uploads\/2024\/06\/logoObdlznikBielePozadie.png","width":1961,"height":533,"caption":"3S \u0161peci\u00e1lne syst\u00e9my"},"image":{"@id":"https:\/\/www.special.sk\/#\/schema\/logo\/image\/"},"sameAs":["https:\/\/www.facebook.com\/p\/3S-pecilne-Systmy-sro-100083157461385\/","https:\/\/www.linkedin.com\/company\/3s-pecilne-systmy\/"]}]}},"_links":{"self":[{"href":"https:\/\/www.special.sk\/en\/wp-json\/wp\/v2\/pages\/876","targetHints":{"allow":["GET"]}}],"collection":[{"href":"https:\/\/www.special.sk\/en\/wp-json\/wp\/v2\/pages"}],"about":[{"href":"https:\/\/www.special.sk\/en\/wp-json\/wp\/v2\/types\/page"}],"author":[{"embeddable":true,"href":"https:\/\/www.special.sk\/en\/wp-json\/wp\/v2\/users\/3"}],"replies":[{"embeddable":true,"href":"https:\/\/www.special.sk\/en\/wp-json\/wp\/v2\/comments?post=876"}],"version-history":[{"count":10,"href":"https:\/\/www.special.sk\/en\/wp-json\/wp\/v2\/pages\/876\/revisions"}],"predecessor-version":[{"id":933,"href":"https:\/\/www.special.sk\/en\/wp-json\/wp\/v2\/pages\/876\/revisions\/933"}],"wp:attachment":[{"href":"https:\/\/www.special.sk\/en\/wp-json\/wp\/v2\/media?parent=876"}],"wp:term":[{"taxonomy":"folder","embeddable":true,"href":"https:\/\/www.special.sk\/en\/wp-json\/wp\/v2\/folder?post=876"}],"curies":[{"name":"wp","href":"https:\/\/api.w.org\/{rel}","templated":true}]}}