{"id":228,"date":"2023-05-11T13:50:15","date_gmt":"2023-05-11T11:50:15","guid":{"rendered":"https:\/\/www.special.sk\/ochrana-sukromia\/"},"modified":"2023-06-22T17:27:05","modified_gmt":"2023-06-22T15:27:05","slug":"privacy","status":"publish","type":"page","link":"https:\/\/www.special.sk\/en\/privacy\/","title":{"rendered":"Privacy"},"content":{"rendered":"<p>The operator of the website is the company 3S \u0160peci\u00e1lne Syst\u00e9my s.r.o., with its registered office at L\u00ed\u0161\u010die \u00fadolie 29, 841 04 Bratislava, ID number 31391711, registered in the Commercial Register of the District Court of Bratislava III, Section Sro, File no. <span class=\"ra\">8639\/B<\/span>.<\/p>\n<p>The website operator does not collect personal data that could identify a specific person, except in cases where the person himself provides this data to the operator voluntarily. Such data may be obtained where a person voluntarily registers to use the services of this website. Any personal data identifying a specific person will not be provided or sold to a third party, unless the user is notified at the time of data collection.<\/p>\n<p>The website operator reserves the right to perform analyzes of user behavior on its website. These analyzes include, for example, measuring traffic and monitoring website behavior. This data may be available to potential advertisers, but always in the form of a statistical report, not by name.<\/p>\n<p>Users should be aware that the information they voluntarily provide to discussion forums or other automatically generated sites may be used by a third party. However, such use of personal information cannot be controlled and the website operator is not responsible for it.<\/p>\n<p>Users should be aware that some user information may be collected automatically during standard server operations (eg user IP address) and also when using cookies (small text files stored on the user\u2019s computer for identification or authentication). user, or the functioning of e-commerce). Cookies are not programs that could cause damage to a user\u2019s computer.<\/p>\n<p>The website operator reserves the right to waive the guarantee of safe handling of customers\u2019 personal data in the event of an attack by a server by an unknown perpetrator (hacker). In this case, the above data manipulation rules do not apply.<\/p>\n<p>At the request of the user, the Website Operator shall take all financially reasonable steps to delete all personal data of the user.<\/p>\n<p>These conditions are valid from June 1, 2023.<\/p>\n","protected":false},"excerpt":{"rendered":"<p>The operator of the website is the company 3S \u0160peci\u00e1lne Syst\u00e9my s.r.o., with its registered office at L\u00ed\u0161\u010die \u00fadolie 29, 841 04 Bratislava, ID number 31391711, registered in the Commercial Register of the District Court of Bratislava III, Section Sro, File no. 8639\/B. The website operator does not collect personal data that could identify a [&hellip;]<\/p>\n","protected":false},"author":1,"featured_media":0,"parent":0,"menu_order":0,"comment_status":"closed","ping_status":"open","template":"","meta":{"inline_featured_image":false,"footnotes":""},"folder":[],"class_list":["post-228","page","type-page","status-publish","hentry"],"acf":[],"yoast_head":"<!-- This site is optimized with the Yoast SEO plugin v26.7 - https:\/\/yoast.com\/wordpress\/plugins\/seo\/ -->\n<title>Privacy | 3S \u0161peci\u00e1lne syst\u00e9my<\/title>\n<meta name=\"robots\" content=\"index, follow, max-snippet:-1, max-image-preview:large, max-video-preview:-1\" \/>\n<link rel=\"canonical\" href=\"https:\/\/www.special.sk\/en\/privacy\/\" \/>\n<meta property=\"og:locale\" content=\"en_US\" \/>\n<meta property=\"og:type\" content=\"article\" \/>\n<meta property=\"og:title\" content=\"Privacy | 3S \u0161peci\u00e1lne syst\u00e9my\" \/>\n<meta property=\"og:description\" content=\"The operator of the website is the company 3S \u0160peci\u00e1lne Syst\u00e9my s.r.o., with its registered office at L\u00ed\u0161\u010die \u00fadolie 29, 841 04 Bratislava, ID number 31391711, registered in the Commercial Register of the District Court of Bratislava III, Section Sro, File no. 8639\/B. The website operator does not collect personal data that could identify a [&hellip;]\" \/>\n<meta property=\"og:url\" content=\"https:\/\/www.special.sk\/en\/privacy\/\" \/>\n<meta property=\"og:site_name\" content=\"3S \u0161peci\u00e1lne syst\u00e9my\" \/>\n<meta property=\"article:publisher\" content=\"https:\/\/www.facebook.com\/p\/3S-pecilne-Systmy-sro-100083157461385\/\" \/>\n<meta property=\"article:modified_time\" content=\"2023-06-22T15:27:05+00:00\" \/>\n<meta name=\"twitter:card\" content=\"summary_large_image\" \/>\n<script type=\"application\/ld+json\" class=\"yoast-schema-graph\">{\"@context\":\"https:\/\/schema.org\",\"@graph\":[{\"@type\":\"WebPage\",\"@id\":\"https:\/\/www.special.sk\/en\/privacy\/\",\"url\":\"https:\/\/www.special.sk\/en\/privacy\/\",\"name\":\"Privacy | 3S \u0161peci\u00e1lne syst\u00e9my\",\"isPartOf\":{\"@id\":\"https:\/\/www.special.sk\/#website\"},\"datePublished\":\"2023-05-11T11:50:15+00:00\",\"dateModified\":\"2023-06-22T15:27:05+00:00\",\"breadcrumb\":{\"@id\":\"https:\/\/www.special.sk\/en\/privacy\/#breadcrumb\"},\"inLanguage\":\"en-US\",\"potentialAction\":[{\"@type\":\"ReadAction\",\"target\":[\"https:\/\/www.special.sk\/en\/privacy\/\"]}]},{\"@type\":\"BreadcrumbList\",\"@id\":\"https:\/\/www.special.sk\/en\/privacy\/#breadcrumb\",\"itemListElement\":[{\"@type\":\"ListItem\",\"position\":1,\"name\":\"Domovsk\u00e1 str\u00e1nka\",\"item\":\"https:\/\/www.special.sk\/en\/\"},{\"@type\":\"ListItem\",\"position\":2,\"name\":\"Privacy\"}]},{\"@type\":\"WebSite\",\"@id\":\"https:\/\/www.special.sk\/#website\",\"url\":\"https:\/\/www.special.sk\/\",\"name\":\"3S \u0161peci\u00e1lne syst\u00e9my\",\"description\":\"\",\"publisher\":{\"@id\":\"https:\/\/www.special.sk\/#organization\"},\"potentialAction\":[{\"@type\":\"SearchAction\",\"target\":{\"@type\":\"EntryPoint\",\"urlTemplate\":\"https:\/\/www.special.sk\/?s={search_term_string}\"},\"query-input\":{\"@type\":\"PropertyValueSpecification\",\"valueRequired\":true,\"valueName\":\"search_term_string\"}}],\"inLanguage\":\"en-US\"},{\"@type\":\"Organization\",\"@id\":\"https:\/\/www.special.sk\/#organization\",\"name\":\"3S \u0161peci\u00e1lne syst\u00e9my\",\"url\":\"https:\/\/www.special.sk\/\",\"logo\":{\"@type\":\"ImageObject\",\"inLanguage\":\"en-US\",\"@id\":\"https:\/\/www.special.sk\/#\/schema\/logo\/image\/\",\"url\":\"https:\/\/www.special.sk\/wp-content\/uploads\/2024\/06\/logoObdlznikBielePozadie.png\",\"contentUrl\":\"https:\/\/www.special.sk\/wp-content\/uploads\/2024\/06\/logoObdlznikBielePozadie.png\",\"width\":1961,\"height\":533,\"caption\":\"3S \u0161peci\u00e1lne syst\u00e9my\"},\"image\":{\"@id\":\"https:\/\/www.special.sk\/#\/schema\/logo\/image\/\"},\"sameAs\":[\"https:\/\/www.facebook.com\/p\/3S-pecilne-Systmy-sro-100083157461385\/\",\"https:\/\/www.linkedin.com\/company\/3s-pecilne-systmy\/\"]}]}<\/script>\n<!-- \/ Yoast SEO plugin. -->","yoast_head_json":{"title":"Privacy | 3S \u0161peci\u00e1lne syst\u00e9my","robots":{"index":"index","follow":"follow","max-snippet":"max-snippet:-1","max-image-preview":"max-image-preview:large","max-video-preview":"max-video-preview:-1"},"canonical":"https:\/\/www.special.sk\/en\/privacy\/","og_locale":"en_US","og_type":"article","og_title":"Privacy | 3S \u0161peci\u00e1lne syst\u00e9my","og_description":"The operator of the website is the company 3S \u0160peci\u00e1lne Syst\u00e9my s.r.o., with its registered office at L\u00ed\u0161\u010die \u00fadolie 29, 841 04 Bratislava, ID number 31391711, registered in the Commercial Register of the District Court of Bratislava III, Section Sro, File no. 8639\/B. The website operator does not collect personal data that could identify a [&hellip;]","og_url":"https:\/\/www.special.sk\/en\/privacy\/","og_site_name":"3S \u0161peci\u00e1lne syst\u00e9my","article_publisher":"https:\/\/www.facebook.com\/p\/3S-pecilne-Systmy-sro-100083157461385\/","article_modified_time":"2023-06-22T15:27:05+00:00","twitter_card":"summary_large_image","schema":{"@context":"https:\/\/schema.org","@graph":[{"@type":"WebPage","@id":"https:\/\/www.special.sk\/en\/privacy\/","url":"https:\/\/www.special.sk\/en\/privacy\/","name":"Privacy | 3S \u0161peci\u00e1lne syst\u00e9my","isPartOf":{"@id":"https:\/\/www.special.sk\/#website"},"datePublished":"2023-05-11T11:50:15+00:00","dateModified":"2023-06-22T15:27:05+00:00","breadcrumb":{"@id":"https:\/\/www.special.sk\/en\/privacy\/#breadcrumb"},"inLanguage":"en-US","potentialAction":[{"@type":"ReadAction","target":["https:\/\/www.special.sk\/en\/privacy\/"]}]},{"@type":"BreadcrumbList","@id":"https:\/\/www.special.sk\/en\/privacy\/#breadcrumb","itemListElement":[{"@type":"ListItem","position":1,"name":"Domovsk\u00e1 str\u00e1nka","item":"https:\/\/www.special.sk\/en\/"},{"@type":"ListItem","position":2,"name":"Privacy"}]},{"@type":"WebSite","@id":"https:\/\/www.special.sk\/#website","url":"https:\/\/www.special.sk\/","name":"3S \u0161peci\u00e1lne syst\u00e9my","description":"","publisher":{"@id":"https:\/\/www.special.sk\/#organization"},"potentialAction":[{"@type":"SearchAction","target":{"@type":"EntryPoint","urlTemplate":"https:\/\/www.special.sk\/?s={search_term_string}"},"query-input":{"@type":"PropertyValueSpecification","valueRequired":true,"valueName":"search_term_string"}}],"inLanguage":"en-US"},{"@type":"Organization","@id":"https:\/\/www.special.sk\/#organization","name":"3S \u0161peci\u00e1lne syst\u00e9my","url":"https:\/\/www.special.sk\/","logo":{"@type":"ImageObject","inLanguage":"en-US","@id":"https:\/\/www.special.sk\/#\/schema\/logo\/image\/","url":"https:\/\/www.special.sk\/wp-content\/uploads\/2024\/06\/logoObdlznikBielePozadie.png","contentUrl":"https:\/\/www.special.sk\/wp-content\/uploads\/2024\/06\/logoObdlznikBielePozadie.png","width":1961,"height":533,"caption":"3S \u0161peci\u00e1lne syst\u00e9my"},"image":{"@id":"https:\/\/www.special.sk\/#\/schema\/logo\/image\/"},"sameAs":["https:\/\/www.facebook.com\/p\/3S-pecilne-Systmy-sro-100083157461385\/","https:\/\/www.linkedin.com\/company\/3s-pecilne-systmy\/"]}]}},"_links":{"self":[{"href":"https:\/\/www.special.sk\/en\/wp-json\/wp\/v2\/pages\/228","targetHints":{"allow":["GET"]}}],"collection":[{"href":"https:\/\/www.special.sk\/en\/wp-json\/wp\/v2\/pages"}],"about":[{"href":"https:\/\/www.special.sk\/en\/wp-json\/wp\/v2\/types\/page"}],"author":[{"embeddable":true,"href":"https:\/\/www.special.sk\/en\/wp-json\/wp\/v2\/users\/1"}],"replies":[{"embeddable":true,"href":"https:\/\/www.special.sk\/en\/wp-json\/wp\/v2\/comments?post=228"}],"version-history":[{"count":4,"href":"https:\/\/www.special.sk\/en\/wp-json\/wp\/v2\/pages\/228\/revisions"}],"predecessor-version":[{"id":831,"href":"https:\/\/www.special.sk\/en\/wp-json\/wp\/v2\/pages\/228\/revisions\/831"}],"wp:attachment":[{"href":"https:\/\/www.special.sk\/en\/wp-json\/wp\/v2\/media?parent=228"}],"wp:term":[{"taxonomy":"folder","embeddable":true,"href":"https:\/\/www.special.sk\/en\/wp-json\/wp\/v2\/folder?post=228"}],"curies":[{"name":"wp","href":"https:\/\/api.w.org\/{rel}","templated":true}]}}